{"id":2337,"date":"2023-09-06T14:30:23","date_gmt":"2023-09-06T20:30:23","guid":{"rendered":"https:\/\/congresocopan.iht.hn\/?page_id=2337"},"modified":"2023-10-18T11:31:51","modified_gmt":"2023-10-18T17:31:51","slug":"cameron-l-mcneil","status":"publish","type":"page","link":"https:\/\/congresocopan.iht.hn\/english\/cameron-l-mcneil\/","title":{"rendered":"Cameron L. Mcneil"},"content":{"rendered":"<div data-elementor-type=\"wp-page\" data-elementor-id=\"2337\" class=\"elementor elementor-2337\" data-elementor-settings=\"{&quot;ha_cmc_init_switcher&quot;:&quot;no&quot;}\" data-elementor-post-type=\"page\">\n\t\t\t\t\t\t<section class=\"elementor-section elementor-top-section elementor-element elementor-element-4db30f2 elementor-section-boxed elementor-section-height-default elementor-section-height-default\" data-id=\"4db30f2\" data-element_type=\"section\" data-settings=\"{&quot;_ha_eqh_enable&quot;:false}\">\n\t\t\t\t\t\t<div class=\"elementor-container elementor-column-gap-default\">\n\t\t\t\t\t<div class=\"elementor-column elementor-col-100 elementor-top-column elementor-element elementor-element-c56c146\" data-id=\"c56c146\" data-element_type=\"column\">\n\t\t\t<div class=\"elementor-widget-wrap elementor-element-populated\">\n\t\t\t\t\t\t<div class=\"elementor-element elementor-element-7ae6456 elementor-invisible elementor-widget elementor-widget-image\" data-id=\"7ae6456\" data-element_type=\"widget\" data-settings=\"{&quot;_animation&quot;:&quot;fadeInDown&quot;}\" data-widget_type=\"image.default\">\n\t\t\t\t<div class=\"elementor-widget-container\">\n\t\t\t\t\t\t\t\t\t\t\t\t\t\t\t<img fetchpriority=\"high\" decoding=\"async\" width=\"530\" height=\"529\" src=\"https:\/\/congresocopan.iht.hn\/wp-content\/uploads\/2023\/10\/Cameron.png\" class=\"attachment-large size-large wp-image-2995\" alt=\"\" srcset=\"https:\/\/congresocopan.iht.hn\/wp-content\/uploads\/2023\/10\/Cameron.png 530w, https:\/\/congresocopan.iht.hn\/wp-content\/uploads\/2023\/10\/Cameron-300x300.png 300w, https:\/\/congresocopan.iht.hn\/wp-content\/uploads\/2023\/10\/Cameron-150x150.png 150w\" sizes=\"(max-width: 530px) 100vw, 530px\" \/>\t\t\t\t\t\t\t\t\t\t\t\t\t\t\t<\/div>\n\t\t\t\t<\/div>\n\t\t\t\t<div class=\"elementor-element elementor-element-15dbc5e elementor-widget elementor-widget-heading\" data-id=\"15dbc5e\" data-element_type=\"widget\" data-widget_type=\"heading.default\">\n\t\t\t\t<div class=\"elementor-widget-container\">\n\t\t\t\t\t<h4 class=\"elementor-heading-title elementor-size-default\">Tel\u00e9fono: 917 589 9965 <br>Email: cameron.mcneil@lehman.cuny.edu<\/h4>\t\t\t\t<\/div>\n\t\t\t\t<\/div>\n\t\t\t\t<div class=\"elementor-element elementor-element-af21c9b elementor-invisible elementor-widget elementor-widget-text-editor\" data-id=\"af21c9b\" data-element_type=\"widget\" data-settings=\"{&quot;_animation&quot;:&quot;fadeInUp&quot;}\" data-widget_type=\"text-editor.default\">\n\t\t\t\t<div class=\"elementor-widget-container\">\n\t\t\t\t\t\t\t\t\t<p><strong>Cameron L. McNeil<\/strong>, dirige el Proyecto Arqueol\u00f3gico de la Periferia de Copan (PAPC) en el valle de Copan, Honduras. Ella es una Profesora Asociada al Lehman College y del Centro de Graduados, ambos de la Universidad de la Ciudad de Nueva York (CUNY). Dra. McNeil ha trabajado en el valle de Copan por m\u00e1s de dos d\u00e9cadas investigando la relaci\u00f3n entre la poblaci\u00f3n antigua de Copan y su medio ambiente. Ella edit\u00f3 el libro ganador de premiso llamado Chocolate en Mesoam\u00e9rica: La Historia Cultural del Cacao, y a publicado sobre debates concernientes a la deforestaci\u00f3n antigua, el uso ritual de plantas, y la resiliencia durante el per\u00edodo Cl\u00e1sico Terminal.<\/p><p>\u00a0<\/p><h4><strong>EDUCACI\u00d3N<\/strong><\/h4><p>2006 Centro de Graduados de la Universidad de la Ciudad de Nueva York<\/p><p>(The Graduate Center, CUNY)<\/p><p>Ph.D. En Antropolog\u00eda<\/p><p>Disertaci\u00f3n: Interacciones Mayas con su Mundo Natural: Transformaci\u00f3n del Paisaje y el Uso Ritual de Plantas en Copan, Honduras.<\/p><p>\u00a0<\/p><h4>PREMIOS, FONDOS DE INVESTIGACI\u00d3N Y BECAS<\/h4><p>2021 2018 PSC-CUNY, Beca #64636-00 52. Para Revelando patrones del uso de la tierra Maya antigua: El an\u00e1lisis de n\u00facleos de sedimentos de R\u00edo Amarillo, Copan, Honduras.<\/p><p>\u00a0<\/p><h4><strong>PUESTOS DE INVESTIGACI\u00d3N<\/strong><\/h4><p>2022-Presente Directora, Proyecto Arqueol\u00f3gico de la Periferia de Copan (PAPC). Investigando el rol de los antiguos pueblo como el Plan de las Mesas, Sesesmil, Llano Grande, Quebrada Piedras Negras, R\u00edo Amarillo, etc., y sus comunidades asociadas en el paisaje pol\u00edtico de la entidad pol\u00edtica de Copan, determinando las interacciones entre los habitantes de este pueblo y su medio ambiente.<\/p><p>\u00a0<\/p><h4>PUBLICACIONES<\/h4><p>Libros Revisados, Libros Editados y Secciones en Revistas<\/p><p>In prep McNeil, Cameron L. Forests, Fields, and Flowers of the Pre-Columbian Southeastern Maya.<\/p>\t\t\t\t\t\t\t\t<\/div>\n\t\t\t\t<\/div>\n\t\t\t\t<div class=\"elementor-element elementor-element-117a632 elementor-widget elementor-widget-image\" data-id=\"117a632\" data-element_type=\"widget\" data-widget_type=\"image.default\">\n\t\t\t\t<div class=\"elementor-widget-container\">\n\t\t\t\t\t\t\t\t\t\t\t\t\t\t\t<img decoding=\"async\" src=\"https:\/\/congresocopan.iht.hn\/wp-content\/uploads\/2023\/08\/spn.png\" title=\"\" alt=\"\" loading=\"lazy\" \/>\t\t\t\t\t\t\t\t\t\t\t\t\t\t\t<\/div>\n\t\t\t\t<\/div>\n\t\t\t\t\t<\/div>\n\t\t<\/div>\n\t\t\t\t\t<\/div>\n\t\t<\/section>\n\t\t\t\t<\/div>","protected":false},"excerpt":{"rendered":"<p>Tel\u00e9fono: 917 589 9965 Email: cameron.mcneil@lehman.cuny.edu Cameron L. McNeil, dirige el Proyecto Arqueol\u00f3gico de la Periferia de Copan (PAPC) en el valle de Copan, Honduras. Ella es una Profesora Asociada al Lehman College y del Centro de Graduados, ambos de la Universidad de la Ciudad de Nueva York (CUNY). Dra. McNeil ha trabajado en el [&hellip;]<\/p>","protected":false},"author":1,"featured_media":0,"parent":0,"menu_order":0,"comment_status":"closed","ping_status":"closed","template":"","meta":{"site-sidebar-layout":"default","site-content-layout":"","ast-site-content-layout":"default","site-content-style":"default","site-sidebar-style":"default","ast-global-header-display":"","ast-banner-title-visibility":"","ast-main-header-display":"","ast-hfb-above-header-display":"","ast-hfb-below-header-display":"","ast-hfb-mobile-header-display":"","site-post-title":"","ast-breadcrumbs-content":"","ast-featured-img":"","footer-sml-layout":"","theme-transparent-header-meta":"","adv-header-id-meta":"","stick-header-meta":"","header-above-stick-meta":"","header-main-stick-meta":"","header-below-stick-meta":"","astra-migrate-meta-layouts":"set","ast-page-background-enabled":"default","ast-page-background-meta":{"desktop":{"background-color":"var(--ast-global-color-4)","background-image":"","background-repeat":"repeat","background-position":"center center","background-size":"auto","background-attachment":"scroll","background-type":"","background-media":"","overlay-type":"","overlay-color":"","overlay-opacity":"","overlay-gradient":""},"tablet":{"background-color":"","background-image":"","background-repeat":"repeat","background-position":"center center","background-size":"auto","background-attachment":"scroll","background-type":"","background-media":"","overlay-type":"","overlay-color":"","overlay-opacity":"","overlay-gradient":""},"mobile":{"background-color":"","background-image":"","background-repeat":"repeat","background-position":"center center","background-size":"auto","background-attachment":"scroll","background-type":"","background-media":"","overlay-type":"","overlay-color":"","overlay-opacity":"","overlay-gradient":""}},"ast-content-background-meta":{"desktop":{"background-color":"var(--ast-global-color-5)","background-image":"","background-repeat":"repeat","background-position":"center center","background-size":"auto","background-attachment":"scroll","background-type":"","background-media":"","overlay-type":"","overlay-color":"","overlay-opacity":"","overlay-gradient":""},"tablet":{"background-color":"var(--ast-global-color-5)","background-image":"","background-repeat":"repeat","background-position":"center center","background-size":"auto","background-attachment":"scroll","background-type":"","background-media":"","overlay-type":"","overlay-color":"","overlay-opacity":"","overlay-gradient":""},"mobile":{"background-color":"var(--ast-global-color-5)","background-image":"","background-repeat":"repeat","background-position":"center center","background-size":"auto","background-attachment":"scroll","background-type":"","background-media":"","overlay-type":"","overlay-color":"","overlay-opacity":"","overlay-gradient":""}},"footnotes":""},"class_list":["post-2337","page","type-page","status-publish","hentry"],"_links":{"self":[{"href":"https:\/\/congresocopan.iht.hn\/english\/wp-json\/wp\/v2\/pages\/2337","targetHints":{"allow":["GET"]}}],"collection":[{"href":"https:\/\/congresocopan.iht.hn\/english\/wp-json\/wp\/v2\/pages"}],"about":[{"href":"https:\/\/congresocopan.iht.hn\/english\/wp-json\/wp\/v2\/types\/page"}],"author":[{"embeddable":true,"href":"https:\/\/congresocopan.iht.hn\/english\/wp-json\/wp\/v2\/users\/1"}],"replies":[{"embeddable":true,"href":"https:\/\/congresocopan.iht.hn\/english\/wp-json\/wp\/v2\/comments?post=2337"}],"version-history":[{"count":10,"href":"https:\/\/congresocopan.iht.hn\/english\/wp-json\/wp\/v2\/pages\/2337\/revisions"}],"predecessor-version":[{"id":3517,"href":"https:\/\/congresocopan.iht.hn\/english\/wp-json\/wp\/v2\/pages\/2337\/revisions\/3517"}],"wp:attachment":[{"href":"https:\/\/congresocopan.iht.hn\/english\/wp-json\/wp\/v2\/media?parent=2337"}],"curies":[{"name":"wp","href":"https:\/\/api.w.org\/{rel}","templated":true}]}}