{"id":2421,"date":"2023-09-18T09:25:02","date_gmt":"2023-09-18T15:25:02","guid":{"rendered":"https:\/\/congresocopan.iht.hn\/?page_id=2421"},"modified":"2023-10-18T10:24:47","modified_gmt":"2023-10-18T16:24:47","slug":"tomas-barrientos","status":"publish","type":"page","link":"https:\/\/congresocopan.iht.hn\/english\/tomas-barrientos\/","title":{"rendered":"Tomas Barrientos"},"content":{"rendered":"<div data-elementor-type=\"wp-page\" data-elementor-id=\"2421\" class=\"elementor elementor-2421\" data-elementor-settings=\"{&quot;ha_cmc_init_switcher&quot;:&quot;no&quot;}\" data-elementor-post-type=\"page\">\n\t\t\t\t\t\t<section class=\"elementor-section elementor-top-section elementor-element elementor-element-4db30f2 elementor-section-boxed elementor-section-height-default elementor-section-height-default\" data-id=\"4db30f2\" data-element_type=\"section\" data-settings=\"{&quot;_ha_eqh_enable&quot;:false}\">\n\t\t\t\t\t\t<div class=\"elementor-container elementor-column-gap-default\">\n\t\t\t\t\t<div class=\"elementor-column elementor-col-100 elementor-top-column elementor-element elementor-element-c56c146\" data-id=\"c56c146\" data-element_type=\"column\">\n\t\t\t<div class=\"elementor-widget-wrap elementor-element-populated\">\n\t\t\t\t\t\t<div class=\"elementor-element elementor-element-7ae6456 elementor-invisible elementor-widget elementor-widget-image\" data-id=\"7ae6456\" data-element_type=\"widget\" data-settings=\"{&quot;_animation&quot;:&quot;fadeInDown&quot;}\" data-widget_type=\"image.default\">\n\t\t\t\t<div class=\"elementor-widget-container\">\n\t\t\t\t\t\t\t\t\t\t\t\t\t\t\t<img fetchpriority=\"high\" decoding=\"async\" width=\"530\" height=\"529\" src=\"https:\/\/congresocopan.iht.hn\/wp-content\/uploads\/2023\/09\/Tomas-Barrientos.png\" class=\"elementor-animation-shrink attachment-large size-large wp-image-2417\" alt=\"\" srcset=\"https:\/\/congresocopan.iht.hn\/wp-content\/uploads\/2023\/09\/Tomas-Barrientos.png 530w, https:\/\/congresocopan.iht.hn\/wp-content\/uploads\/2023\/09\/Tomas-Barrientos-300x300.png 300w, https:\/\/congresocopan.iht.hn\/wp-content\/uploads\/2023\/09\/Tomas-Barrientos-150x150.png 150w\" sizes=\"(max-width: 530px) 100vw, 530px\" \/>\t\t\t\t\t\t\t\t\t\t\t\t\t\t\t<\/div>\n\t\t\t\t<\/div>\n\t\t\t\t<div class=\"elementor-element elementor-element-af21c9b elementor-invisible elementor-widget elementor-widget-text-editor\" data-id=\"af21c9b\" data-element_type=\"widget\" data-settings=\"{&quot;_animation&quot;:&quot;fadeInUp&quot;}\" data-widget_type=\"text-editor.default\">\n\t\t\t\t<div class=\"elementor-widget-container\">\n\t\t\t\t\t\t\t\t\t<p>Tomas ha llevado a cabo estudios arqueol\u00f3gicos por toda Guatemala en los \u00faltimos 30 a\u00f1os y es Director del Departamento de Arqueolog\u00eda de la <strong>Universidad del Valle de Guatemala<\/strong>. Tambi\u00e9n es codirector del <strong>Proyecto Regional Arqueol\u00f3gico La Corona<\/strong>, donde se descubri\u00f3 el texto jerogl\u00edfico Maya m\u00e1s largo hasta ahora encontrado en Guatemala. Trabaj\u00f3 en el <strong>Proyecto Arqueol\u00f3gico Cancu\u00e9n<\/strong>, que ha sido pionero en la integraci\u00f3n del desarrollo de comunidades ind\u00edgenas como parte integral de la investigaci\u00f3n arqueol\u00f3gica y el turismo sostenible. Fue miembro del Programa de Certificaci\u00f3n en Turismo Sostenible <strong>GREAT Green Deal<\/strong>.<\/p><p>\u00a0<\/p><p><strong>Sus especializaciones se enfocan en la arqueolog\u00eda de las Tierras Bajas, Altiplano y Costa Sur<\/strong>, en temas como el an\u00e1lisis espacial de arquitectura, geopol\u00edtica antigua, manejo y gesti\u00f3n de patrimonio cultural, arqueolog\u00eda p\u00fablica, manejo de archivos digitales, estudios de identidad, turismo cultural sostenible, gastronom\u00eda prehisp\u00e1nica y astronom\u00eda cultural.<\/p><p>\u00a0<\/p><p>Cuenta con un doctorado en Antropolog\u00eda de la <strong>Universidad de Vanderbilt<\/strong> y ha sido profesor de arqueolog\u00eda, antropolog\u00eda y turismo. Ha participado en m\u00e1s de 350 conferencias en 13 pa\u00edses y cuenta con m\u00e1s de 200 publicaciones en libros, revistas, reportes t\u00e9cnicos y medios digitales. Tambi\u00e9n ha participado en m\u00e1s de 50 documentales y entrevistas radiales y televisivas.<\/p><p>Ha visitado alrededor de 150 sitios arqueol\u00f3gicos en todo el mundo, incluyendo 120 en el \u00e1rea Maya, lo que ha servido para realizar estudios comparativos en aspectos de historia, conservaci\u00f3n, restauraci\u00f3n, entorno natural, gesti\u00f3n, administraci\u00f3n, atractivos y servicios tur\u00edsticos.<\/p>\t\t\t\t\t\t\t\t<\/div>\n\t\t\t\t<\/div>\n\t\t\t\t<div class=\"elementor-element elementor-element-117a632 elementor-widget elementor-widget-image\" data-id=\"117a632\" data-element_type=\"widget\" data-widget_type=\"image.default\">\n\t\t\t\t<div class=\"elementor-widget-container\">\n\t\t\t\t\t\t\t\t\t\t\t\t\t\t\t<img decoding=\"async\" src=\"https:\/\/congresocopan.iht.hn\/wp-content\/uploads\/2023\/08\/spn.png\" title=\"\" alt=\"\" loading=\"lazy\" \/>\t\t\t\t\t\t\t\t\t\t\t\t\t\t\t<\/div>\n\t\t\t\t<\/div>\n\t\t\t\t\t<\/div>\n\t\t<\/div>\n\t\t\t\t\t<\/div>\n\t\t<\/section>\n\t\t\t\t<\/div>","protected":false},"excerpt":{"rendered":"<p>Tomas ha llevado a cabo estudios arqueol\u00f3gicos por toda Guatemala en los \u00faltimos 30 a\u00f1os y es Director del Departamento de Arqueolog\u00eda de la Universidad del Valle de Guatemala. Tambi\u00e9n es codirector del Proyecto Regional Arqueol\u00f3gico La Corona, donde se descubri\u00f3 el texto jerogl\u00edfico Maya m\u00e1s largo hasta ahora encontrado en Guatemala. Trabaj\u00f3 en el [&hellip;]<\/p>","protected":false},"author":1,"featured_media":0,"parent":0,"menu_order":0,"comment_status":"closed","ping_status":"closed","template":"","meta":{"site-sidebar-layout":"default","site-content-layout":"","ast-site-content-layout":"default","site-content-style":"default","site-sidebar-style":"default","ast-global-header-display":"","ast-banner-title-visibility":"","ast-main-header-display":"","ast-hfb-above-header-display":"","ast-hfb-below-header-display":"","ast-hfb-mobile-header-display":"","site-post-title":"","ast-breadcrumbs-content":"","ast-featured-img":"","footer-sml-layout":"","theme-transparent-header-meta":"","adv-header-id-meta":"","stick-header-meta":"","header-above-stick-meta":"","header-main-stick-meta":"","header-below-stick-meta":"","astra-migrate-meta-layouts":"set","ast-page-background-enabled":"default","ast-page-background-meta":{"desktop":{"background-color":"var(--ast-global-color-4)","background-image":"","background-repeat":"repeat","background-position":"center center","background-size":"auto","background-attachment":"scroll","background-type":"","background-media":"","overlay-type":"","overlay-color":"","overlay-opacity":"","overlay-gradient":""},"tablet":{"background-color":"","background-image":"","background-repeat":"repeat","background-position":"center center","background-size":"auto","background-attachment":"scroll","background-type":"","background-media":"","overlay-type":"","overlay-color":"","overlay-opacity":"","overlay-gradient":""},"mobile":{"background-color":"","background-image":"","background-repeat":"repeat","background-position":"center center","background-size":"auto","background-attachment":"scroll","background-type":"","background-media":"","overlay-type":"","overlay-color":"","overlay-opacity":"","overlay-gradient":""}},"ast-content-background-meta":{"desktop":{"background-color":"var(--ast-global-color-5)","background-image":"","background-repeat":"repeat","background-position":"center center","background-size":"auto","background-attachment":"scroll","background-type":"","background-media":"","overlay-type":"","overlay-color":"","overlay-opacity":"","overlay-gradient":""},"tablet":{"background-color":"var(--ast-global-color-5)","background-image":"","background-repeat":"repeat","background-position":"center center","background-size":"auto","background-attachment":"scroll","background-type":"","background-media":"","overlay-type":"","overlay-color":"","overlay-opacity":"","overlay-gradient":""},"mobile":{"background-color":"var(--ast-global-color-5)","background-image":"","background-repeat":"repeat","background-position":"center center","background-size":"auto","background-attachment":"scroll","background-type":"","background-media":"","overlay-type":"","overlay-color":"","overlay-opacity":"","overlay-gradient":""}},"footnotes":""},"class_list":["post-2421","page","type-page","status-publish","hentry"],"_links":{"self":[{"href":"https:\/\/congresocopan.iht.hn\/english\/wp-json\/wp\/v2\/pages\/2421","targetHints":{"allow":["GET"]}}],"collection":[{"href":"https:\/\/congresocopan.iht.hn\/english\/wp-json\/wp\/v2\/pages"}],"about":[{"href":"https:\/\/congresocopan.iht.hn\/english\/wp-json\/wp\/v2\/types\/page"}],"author":[{"embeddable":true,"href":"https:\/\/congresocopan.iht.hn\/english\/wp-json\/wp\/v2\/users\/1"}],"replies":[{"embeddable":true,"href":"https:\/\/congresocopan.iht.hn\/english\/wp-json\/wp\/v2\/comments?post=2421"}],"version-history":[{"count":11,"href":"https:\/\/congresocopan.iht.hn\/english\/wp-json\/wp\/v2\/pages\/2421\/revisions"}],"predecessor-version":[{"id":3510,"href":"https:\/\/congresocopan.iht.hn\/english\/wp-json\/wp\/v2\/pages\/2421\/revisions\/3510"}],"wp:attachment":[{"href":"https:\/\/congresocopan.iht.hn\/english\/wp-json\/wp\/v2\/media?parent=2421"}],"curies":[{"name":"wp","href":"https:\/\/api.w.org\/{rel}","templated":true}]}}