{"id":2802,"date":"2023-10-11T14:19:14","date_gmt":"2023-10-11T20:19:14","guid":{"rendered":"https:\/\/congresocopan.iht.hn\/?page_id=2802"},"modified":"2023-10-25T09:43:05","modified_gmt":"2023-10-25T15:43:05","slug":"5-de-diciembre","status":"publish","type":"page","link":"https:\/\/congresocopan.iht.hn\/english\/5-de-diciembre\/","title":{"rendered":"5 de diciembre"},"content":{"rendered":"<div data-elementor-type=\"wp-page\" data-elementor-id=\"2802\" class=\"elementor elementor-2802\" data-elementor-settings=\"{&quot;ha_cmc_init_switcher&quot;:&quot;no&quot;}\" data-elementor-post-type=\"page\">\n\t\t\t\t\t\t<section class=\"elementor-section elementor-top-section elementor-element elementor-element-231068be elementor-section-content-middle elementor-section-boxed elementor-section-height-default elementor-section-height-default\" data-id=\"231068be\" data-element_type=\"section\" data-settings=\"{&quot;background_background&quot;:&quot;classic&quot;,&quot;_ha_eqh_enable&quot;:false}\">\n\t\t\t\t\t\t<div class=\"elementor-container elementor-column-gap-no\">\n\t\t\t\t\t<div class=\"elementor-column elementor-col-50 elementor-top-column elementor-element elementor-element-2ce8f6b8\" data-id=\"2ce8f6b8\" data-element_type=\"column\">\n\t\t\t<div class=\"elementor-widget-wrap elementor-element-populated\">\n\t\t\t\t\t\t<div class=\"elementor-element elementor-element-5a65033b elementor-widget elementor-widget-heading\" data-id=\"5a65033b\" data-element_type=\"widget\" data-widget_type=\"heading.default\">\n\t\t\t\t<div class=\"elementor-widget-container\">\n\t\t\t\t\t<h1 class=\"elementor-heading-title elementor-size-default\">Congreso<br>Arqueol\u00f3gico<br>Cop\u00e1n, Honduras<\/h1>\t\t\t\t<\/div>\n\t\t\t\t<\/div>\n\t\t\t\t<div class=\"elementor-element elementor-element-a55b706 elementor-widget__width-initial elementor-widget elementor-widget-image\" data-id=\"a55b706\" data-element_type=\"widget\" data-settings=\"{&quot;ha_floating_fx&quot;:&quot;yes&quot;,&quot;ha_floating_fx_translate_toggle&quot;:&quot;yes&quot;,&quot;ha_floating_fx_translate_x&quot;:{&quot;unit&quot;:&quot;px&quot;,&quot;size&quot;:&quot;&quot;,&quot;sizes&quot;:{&quot;from&quot;:0,&quot;to&quot;:6}},&quot;ha_floating_fx_translate_y&quot;:{&quot;unit&quot;:&quot;px&quot;,&quot;size&quot;:&quot;&quot;,&quot;sizes&quot;:{&quot;from&quot;:0,&quot;to&quot;:10}},&quot;ha_floating_fx_translate_duration&quot;:{&quot;unit&quot;:&quot;px&quot;,&quot;size&quot;:900,&quot;sizes&quot;:[]},&quot;ha_floating_fx_translate_delay&quot;:{&quot;unit&quot;:&quot;px&quot;,&quot;size&quot;:&quot;&quot;,&quot;sizes&quot;:[]}}\" data-widget_type=\"image.default\">\n\t\t\t\t<div class=\"elementor-widget-container\">\n\t\t\t\t\t\t\t\t\t\t\t\t\t\t\t\t<a href=\"https:\/\/congresocopan.iht.hn\/english\/6-de-diciembre\/\">\n\t\t\t\t\t\t\t<img decoding=\"async\" width=\"182\" height=\"83\" src=\"https:\/\/congresocopan.iht.hn\/wp-content\/uploads\/2023\/10\/siguiente-6.png\" class=\"attachment-large size-large wp-image-2965\" alt=\"\" \/>\t\t\t\t\t\t\t\t<\/a>\n\t\t\t\t\t\t\t\t\t\t\t\t\t\t\t<\/div>\n\t\t\t\t<\/div>\n\t\t\t\t\t<\/div>\n\t\t<\/div>\n\t\t\t\t<div class=\"elementor-column elementor-col-50 elementor-top-column elementor-element elementor-element-7102c83\" data-id=\"7102c83\" data-element_type=\"column\">\n\t\t\t<div class=\"elementor-widget-wrap elementor-element-populated\">\n\t\t\t\t\t\t<div class=\"elementor-element elementor-element-135d61b elementor-widget__width-initial elementor-widget elementor-widget-heading\" data-id=\"135d61b\" data-element_type=\"widget\" data-widget_type=\"heading.default\">\n\t\t\t\t<div class=\"elementor-widget-container\">\n\t\t\t\t\t<h2 class=\"elementor-heading-title elementor-size-default\">Agenda <\/h2>\t\t\t\t<\/div>\n\t\t\t\t<\/div>\n\t\t\t\t<div class=\"elementor-element elementor-element-26d82033 elementor-widget-divider--view-line elementor-widget elementor-widget-divider\" data-id=\"26d82033\" data-element_type=\"widget\" data-widget_type=\"divider.default\">\n\t\t\t\t<div class=\"elementor-widget-container\">\n\t\t\t\t\t\t\t<div class=\"elementor-divider\">\n\t\t\t<span class=\"elementor-divider-separator\">\n\t\t\t\t\t\t<\/span>\n\t\t<\/div>\n\t\t\t\t\t\t<\/div>\n\t\t\t\t<\/div>\n\t\t\t\t<section class=\"elementor-section elementor-inner-section elementor-element elementor-element-23c1cfc5 elementor-section-content-middle elementor-reverse-mobile elementor-section-boxed elementor-section-height-default elementor-section-height-default\" data-id=\"23c1cfc5\" data-element_type=\"section\" data-settings=\"{&quot;_ha_eqh_enable&quot;:false}\">\n\t\t\t\t\t\t<div class=\"elementor-container elementor-column-gap-default\">\n\t\t\t\t\t<div class=\"elementor-column elementor-col-50 elementor-inner-column elementor-element elementor-element-3eafffa6\" data-id=\"3eafffa6\" data-element_type=\"column\">\n\t\t\t<div class=\"elementor-widget-wrap elementor-element-populated\">\n\t\t\t\t\t\t<div class=\"elementor-element elementor-element-1f57fdb3 elementor-widget__width-initial elementor-widget elementor-widget-text-editor\" data-id=\"1f57fdb3\" data-element_type=\"widget\" data-widget_type=\"text-editor.default\">\n\t\t\t\t<div class=\"elementor-widget-container\">\n\t\t\t\t\t\t\t\t\t<p>So precise and interesting were these presentations that they showed us almost a snapshot of the founder of the Cop\u00e1n dynasty: Kinich Ahau Yax Kuk Mo, and his origins in the Pet\u00e9n, the operation of a Mayan clock, the exquisite murals of San Bartolo, and the Oropendola Temple, preserved underground just next to the Rosalila Temple.<\/p>\t\t\t\t\t\t\t\t<\/div>\n\t\t\t\t<\/div>\n\t\t\t\t\t<\/div>\n\t\t<\/div>\n\t\t\t\t<div class=\"elementor-column elementor-col-50 elementor-inner-column elementor-element elementor-element-172ad0c0\" data-id=\"172ad0c0\" data-element_type=\"column\">\n\t\t\t<div class=\"elementor-widget-wrap elementor-element-populated\">\n\t\t\t\t\t\t<div class=\"elementor-element elementor-element-38aea76 elementor-widget__width-initial elementor-widget elementor-widget-heading\" data-id=\"38aea76\" data-element_type=\"widget\" data-widget_type=\"heading.default\">\n\t\t\t\t<div class=\"elementor-widget-container\">\n\t\t\t\t\t<h4 class=\"elementor-heading-title elementor-size-default\">05<\/h4>\t\t\t\t<\/div>\n\t\t\t\t<\/div>\n\t\t\t\t<div class=\"elementor-element elementor-element-89147db elementor-widget elementor-widget-text-editor\" data-id=\"89147db\" data-element_type=\"widget\" data-widget_type=\"text-editor.default\">\n\t\t\t\t<div class=\"elementor-widget-container\">\n\t\t\t\t\t\t\t\t\t<p>DECEMBER 2023<\/p>\t\t\t\t\t\t\t\t<\/div>\n\t\t\t\t<\/div>\n\t\t\t\t\t<\/div>\n\t\t<\/div>\n\t\t\t\t\t<\/div>\n\t\t<\/section>\n\t\t\t\t\t<\/div>\n\t\t<\/div>\n\t\t\t\t\t<\/div>\n\t\t<\/section>\n\t\t\t\t<section class=\"elementor-section elementor-top-section elementor-element elementor-element-7b5d1a1 elementor-section-boxed elementor-section-height-default elementor-section-height-default\" data-id=\"7b5d1a1\" data-element_type=\"section\" data-settings=\"{&quot;_ha_eqh_enable&quot;:false}\">\n\t\t\t\t\t\t<div class=\"elementor-container elementor-column-gap-default\">\n\t\t\t\t\t<div class=\"elementor-column elementor-col-33 elementor-top-column elementor-element elementor-element-9de939f\" data-id=\"9de939f\" data-element_type=\"column\">\n\t\t\t<div class=\"elementor-widget-wrap elementor-element-populated\">\n\t\t\t\t\t\t<div class=\"elementor-element elementor-element-70c2223 elementor-toc--minimized-on-tablet elementor-widget elementor-widget-table-of-contents\" data-id=\"70c2223\" data-element_type=\"widget\" data-settings=\"{&quot;headings_by_tags&quot;:[&quot;h3&quot;,&quot;h5&quot;,&quot;h6&quot;],&quot;exclude_headings_by_selector&quot;:[],&quot;marker_view&quot;:&quot;bullets&quot;,&quot;icon&quot;:{&quot;value&quot;:&quot;fas fa-circle&quot;,&quot;library&quot;:&quot;fa-solid&quot;},&quot;no_headings_message&quot;:&quot;No headings were found on this page.&quot;,&quot;minimize_box&quot;:&quot;yes&quot;,&quot;minimized_on&quot;:&quot;tablet&quot;,&quot;hierarchical_view&quot;:&quot;yes&quot;,&quot;min_height&quot;:{&quot;unit&quot;:&quot;px&quot;,&quot;size&quot;:&quot;&quot;,&quot;sizes&quot;:[]},&quot;min_height_tablet&quot;:{&quot;unit&quot;:&quot;px&quot;,&quot;size&quot;:&quot;&quot;,&quot;sizes&quot;:[]},&quot;min_height_mobile&quot;:{&quot;unit&quot;:&quot;px&quot;,&quot;size&quot;:&quot;&quot;,&quot;sizes&quot;:[]}}\" data-widget_type=\"table-of-contents.default\">\n\t\t\t\t<div class=\"elementor-widget-container\">\n\t\t\t\t\t\t\t<div class=\"elementor-toc__header\">\n\t\t\t<h4 class=\"elementor-toc__header-title\">\n\t\t\t\tTable of Contents\t\t\t<\/h4>\n\t\t\t\t\t\t\t<div class=\"elementor-toc__toggle-button elementor-toc__toggle-button--expand\" role=\"button\" tabindex=\"0\" aria-controls=\"elementor-toc__70c2223\" aria-expanded=\"true\" aria-label=\"Open table of contents\"><i aria-hidden=\"true\" class=\"fas fa-chevron-down\"><\/i><\/div>\n\t\t\t\t<div class=\"elementor-toc__toggle-button elementor-toc__toggle-button--collapse\" role=\"button\" tabindex=\"0\" aria-controls=\"elementor-toc__70c2223\" aria-expanded=\"true\" aria-label=\"Close table of contents\"><i aria-hidden=\"true\" class=\"fas fa-chevron-up\"><\/i><\/div>\n\t\t\t\t\t<\/div>\n\t\t<div id=\"elementor-toc__70c2223\" class=\"elementor-toc__body\">\n\t\t\t<div class=\"elementor-toc__spinner-container\">\n\t\t\t\t<i class=\"elementor-toc__spinner eicon-animation-spin eicon-loading\" aria-hidden=\"true\"><\/i>\t\t\t<\/div>\n\t\t<\/div>\n\t\t\t\t\t\t<\/div>\n\t\t\t\t<\/div>\n\t\t\t\t\t<\/div>\n\t\t<\/div>\n\t\t\t\t<div class=\"elementor-column elementor-col-66 elementor-top-column elementor-element elementor-element-a6e0993\" data-id=\"a6e0993\" data-element_type=\"column\">\n\t\t\t<div class=\"elementor-widget-wrap elementor-element-populated\">\n\t\t\t\t\t\t<div class=\"elementor-element elementor-element-0510616 elementor-widget elementor-widget-text-editor\" data-id=\"0510616\" data-element_type=\"widget\" data-widget_type=\"text-editor.default\">\n\t\t\t\t<div class=\"elementor-widget-container\">\n\t\t\t\t\t\t\t\t\t<h3>Hora 08:00 a.m.<\/h3><p>Desayuno en sus hoteles.<br \/>Traslado desde el punto de encuentro hasta el Centro de Convenciones<br \/>Marina Cop\u00e1n.<\/p><h3>Hora 08:30 &#8211; 09:10 a.m.<\/h3><p>Ponencia: \u201cTecnolog\u00eda y Nuevos Hallazgos de Investigaciones Cient\u00edficas<br \/>en la Cuna de la Civilizaci\u00f3n Maya: La Cuenca K\u00e1rstica Mirador-Calakmul\u201d<br \/>por el Dr. Richard Hansen.<\/p><h3><span style=\"color: var(--ast-global-color-2); font-size: 1.64706rem; font-style: inherit; background-color: var(--ast-global-color-5);\">Hora 09:10 &#8211; 09:50 a.m.<\/span><\/h3><p>Ponencia: \u00abLos SIG y el An\u00e1lisis de Redes, como herramientas para inferir<br \/>la din\u00e1mica del intercambio de obsidiana en el sureste de la zona Maya:<br \/>el caso de Chalchuapa durante el periodo Precl\u00e1sico\u00bb por el Dr. Julio<br \/>C\u00e9sar Alvarado.<\/p><h3>Hora 09:50 &#8211; 10:50 a.m.<\/h3><p>Panel: por los arque\u00f3logos Jorge Ramos y Xinwei Li.<\/p><h3>Hora 10:50 &#8211; 11:30 p.m.<\/h3><p>Ponencia: \u00abNuevas tecnolog\u00edas de an\u00e1lisis espacial y temporal para<br \/>examinar los or\u00edgenes de la civilizaci\u00f3n maya\u00bb por Dr. Takeshi Inomata.<\/p><h3>Hora 11:30 &#8211; 12:10 p.m.<\/h3><p>Ponencia: \u201cAplicaci\u00f3n de tecnolog\u00edas para la investigaci\u00f3n de Salvamento<br \/>Arqueol\u00f3gico en M\u00e9xico: la experiencia del Tren Maya\u201d por el Dr. Manuel<br \/>P\u00e9rez Rivas<\/p><h3><span style=\"color: var(--ast-global-color-2); font-size: 1.64706rem; background-color: var(--ast-global-color-5);\">Hora 12:10 &#8211; 1:10 p.m.<\/span><\/h3><p>Almuerzo en Jardines de Centro de Convenciones.<\/p><h3><span style=\"color: var(--ast-global-color-2); font-size: 1.64706rem; background-color: var(--ast-global-color-5);\">Hora 01:10 &#8211; 01:50 p.m.<\/span><\/h3><p>Ponencia: por Herbeth Serme\u00f1o.<\/p><h3><span style=\"color: var(--ast-global-color-2); font-size: 1.64706rem; background-color: var(--ast-global-color-5);\">Hora 01:50 &#8211; 02:30 p.m.<\/span><\/h3><p>Ponencia: \u201cAlucinando las Zonas Arqueol\u00f3gicas\u201d por Eduardo Yarto<\/p><h3><span style=\"color: var(--ast-global-color-2); font-size: 1.64706rem; font-style: inherit; background-color: var(--ast-global-color-5);\">Hora 03:00 &#8211; 04:00 p.m.<\/span><\/h3><p>Reuniones 1 to 1 con conferencistas.<\/p><h3><span style=\"color: var(--ast-global-color-2); font-size: 1.64706rem; font-style: inherit; background-color: var(--ast-global-color-5);\">Hora 04:30 p.m.<\/span><\/h3><p>Traslado del centro de convenciones a punto de encuentro.<\/p><h3>Hora 06:30 p.m.<\/h3><p>Traslado sus hoteles a Centro de Convenciones para Cena de cierre.<\/p><h3>Hora 07:00 &#8211; 09:00 p.m.<\/h3><p>Cena de cierre<\/p><h3>Hora 09:30 p.m.<\/h3><p>Traslado a punto de encuentro.<\/p>\t\t\t\t\t\t\t\t<\/div>\n\t\t\t\t<\/div>\n\t\t\t\t<div class=\"elementor-element elementor-element-2c995ce elementor-widget__width-initial elementor-widget elementor-widget-image\" data-id=\"2c995ce\" data-element_type=\"widget\" data-settings=\"{&quot;ha_floating_fx&quot;:&quot;yes&quot;,&quot;ha_floating_fx_translate_toggle&quot;:&quot;yes&quot;,&quot;ha_floating_fx_translate_x&quot;:{&quot;unit&quot;:&quot;px&quot;,&quot;size&quot;:&quot;&quot;,&quot;sizes&quot;:{&quot;from&quot;:0,&quot;to&quot;:8}},&quot;ha_floating_fx_translate_y&quot;:{&quot;unit&quot;:&quot;px&quot;,&quot;size&quot;:&quot;&quot;,&quot;sizes&quot;:{&quot;from&quot;:0,&quot;to&quot;:10}},&quot;ha_floating_fx_translate_duration&quot;:{&quot;unit&quot;:&quot;px&quot;,&quot;size&quot;:900,&quot;sizes&quot;:[]},&quot;ha_floating_fx_translate_delay&quot;:{&quot;unit&quot;:&quot;px&quot;,&quot;size&quot;:&quot;&quot;,&quot;sizes&quot;:[]}}\" data-widget_type=\"image.default\">\n\t\t\t\t<div class=\"elementor-widget-container\">\n\t\t\t\t\t\t\t\t\t\t\t\t\t\t\t\t<a href=\"https:\/\/congresocopan.iht.hn\/english\/6-de-diciembre\/\">\n\t\t\t\t\t\t\t<img decoding=\"async\" width=\"182\" height=\"83\" src=\"https:\/\/congresocopan.iht.hn\/wp-content\/uploads\/2023\/10\/siguiente-6-black.png\" class=\"attachment-large size-large wp-image-2978\" alt=\"\" \/>\t\t\t\t\t\t\t\t<\/a>\n\t\t\t\t\t\t\t\t\t\t\t\t\t\t\t<\/div>\n\t\t\t\t<\/div>\n\t\t\t\t\t<\/div>\n\t\t<\/div>\n\t\t\t\t\t<\/div>\n\t\t<\/section>\n\t\t\t\t<section class=\"elementor-section elementor-top-section elementor-element elementor-element-b2abb49 elementor-section-boxed elementor-section-height-default elementor-section-height-default\" data-id=\"b2abb49\" data-element_type=\"section\" data-settings=\"{&quot;_ha_eqh_enable&quot;:false}\">\n\t\t\t\t\t\t<div class=\"elementor-container elementor-column-gap-default\">\n\t\t\t\t\t<div class=\"elementor-column elementor-col-100 elementor-top-column elementor-element elementor-element-8cbb884\" data-id=\"8cbb884\" data-element_type=\"column\">\n\t\t\t<div class=\"elementor-widget-wrap elementor-element-populated\">\n\t\t\t\t\t\t<div class=\"elementor-element elementor-element-356cd90 elementor-skin-carousel elementor-arrows-yes elementor-pagination-type-bullets elementor-pagination-position-outside elementor-widget elementor-widget-media-carousel\" data-id=\"356cd90\" data-element_type=\"widget\" data-settings=\"{&quot;skin&quot;:&quot;carousel&quot;,&quot;effect&quot;:&quot;slide&quot;,&quot;show_arrows&quot;:&quot;yes&quot;,&quot;pagination&quot;:&quot;bullets&quot;,&quot;speed&quot;:500,&quot;autoplay&quot;:&quot;yes&quot;,&quot;autoplay_speed&quot;:5000,&quot;loop&quot;:&quot;yes&quot;,&quot;pause_on_hover&quot;:&quot;yes&quot;,&quot;pause_on_interaction&quot;:&quot;yes&quot;,&quot;space_between&quot;:{&quot;unit&quot;:&quot;px&quot;,&quot;size&quot;:10,&quot;sizes&quot;:[]},&quot;space_between_tablet&quot;:{&quot;unit&quot;:&quot;px&quot;,&quot;size&quot;:10,&quot;sizes&quot;:[]},&quot;space_between_mobile&quot;:{&quot;unit&quot;:&quot;px&quot;,&quot;size&quot;:10,&quot;sizes&quot;:[]}}\" data-widget_type=\"media-carousel.default\">\n\t\t\t\t<div class=\"elementor-widget-container\">\n\t\t\t\t\t\t\t\t\t<div class=\"elementor-swiper\">\n\t\t\t\t\t<div class=\"elementor-main-swiper swiper\" role=\"region\" aria-roledescription=\"carousel\" aria-label=\"Slides\">\n\t\t\t\t<div class=\"swiper-wrapper\">\n\t\t\t\t\t\t\t\t\t\t\t<div class=\"swiper-slide\" role=\"group\" aria-roledescription=\"slide\">\n\t\t\t\t\t\t\t\t\t<div class=\"elementor-carousel-image\" role=\"img\" aria-label=\"usaid\" style=\"background-image: url(&#039;https:\/\/congresocopan.iht.hn\/wp-content\/uploads\/2023\/10\/usaid.png&#039;)\">\n\n\t\t\t\n\t\t\t\t\t<\/div>\n\t\t\t\t\t\t\t\t<\/div>\n\t\t\t\t\t\t\t\t\t\t\t<div class=\"swiper-slide\" role=\"group\" aria-roledescription=\"slide\">\n\t\t\t\t\t\t\t\t\t<div class=\"elementor-carousel-image\" role=\"img\" aria-label=\"La-Flor-de-Copan\" style=\"background-image: url(&#039;https:\/\/congresocopan.iht.hn\/wp-content\/uploads\/2023\/10\/La-Flor-de-Copan.png&#039;)\">\n\n\t\t\t\n\t\t\t\t\t<\/div>\n\t\t\t\t\t\t\t\t<\/div>\n\t\t\t\t\t\t\t\t\t\t\t<div class=\"swiper-slide\" role=\"group\" aria-roledescription=\"slide\">\n\t\t\t\t\t\t\t\t\t<div class=\"elementor-carousel-image\" role=\"img\" aria-label=\"ihcafe\" style=\"background-image: url(&#039;https:\/\/congresocopan.iht.hn\/wp-content\/uploads\/2023\/10\/ihcafe.png&#039;)\">\n\n\t\t\t\n\t\t\t\t\t<\/div>\n\t\t\t\t\t\t\t\t<\/div>\n\t\t\t\t\t\t\t\t\t\t\t<div class=\"swiper-slide\" role=\"group\" aria-roledescription=\"slide\">\n\t\t\t\t\t\t\t\t\t<div class=\"elementor-carousel-image\" role=\"img\" aria-label=\"honduras-cafe\" style=\"background-image: url(&#039;https:\/\/congresocopan.iht.hn\/wp-content\/uploads\/2023\/10\/honduras-cafe.png&#039;)\">\n\n\t\t\t\n\t\t\t\t\t<\/div>\n\t\t\t\t\t\t\t\t<\/div>\n\t\t\t\t\t\t\t\t\t\t\t<div class=\"swiper-slide\" role=\"group\" aria-roledescription=\"slide\">\n\t\t\t\t\t\t\t\t\t<div class=\"elementor-carousel-image\" role=\"img\" aria-label=\"cerro-azul\" style=\"background-image: url(&#039;https:\/\/congresocopan.iht.hn\/wp-content\/uploads\/2023\/10\/cerro-azul.png&#039;)\">\n\n\t\t\t\n\t\t\t\t\t<\/div>\n\t\t\t\t\t\t\t\t<\/div>\n\t\t\t\t\t\t\t\t\t\t\t<div class=\"swiper-slide\" role=\"group\" aria-roledescription=\"slide\">\n\t\t\t\t\t\t\t\t\t<div class=\"elementor-carousel-image\" role=\"img\" aria-label=\"Logo-Zambos\" style=\"background-image: url(&#039;https:\/\/congresocopan.iht.hn\/wp-content\/uploads\/2023\/10\/Logo-Zambos.png&#039;)\">\n\n\t\t\t\n\t\t\t\t\t<\/div>\n\t\t\t\t\t\t\t\t<\/div>\n\t\t\t\t\t\t\t\t\t\t\t<div class=\"swiper-slide\" role=\"group\" aria-roledescription=\"slide\">\n\t\t\t\t\t\t\t\t\t<div class=\"elementor-carousel-image\" role=\"img\" aria-label=\"Logo-Rosquillas\" style=\"background-image: url(&#039;https:\/\/congresocopan.iht.hn\/wp-content\/uploads\/2023\/10\/Logo-Rosquillas.png&#039;)\">\n\n\t\t\t\n\t\t\t\t\t<\/div>\n\t\t\t\t\t\t\t\t<\/div>\n\t\t\t\t\t\t\t\t\t<\/div>\n\t\t\t\t\t\t\t\t\t\t\t\t\t\t\t<div class=\"elementor-swiper-button elementor-swiper-button-prev\" role=\"button\" tabindex=\"0\" aria-label=\"Previous\">\n\t\t\t\t\t\t\t<i aria-hidden=\"true\" class=\"eicon-chevron-left\"><\/i>\t\t\t\t\t\t<\/div>\n\t\t\t\t\t\t<div class=\"elementor-swiper-button elementor-swiper-button-next\" role=\"button\" tabindex=\"0\" aria-label=\"Next\">\n\t\t\t\t\t\t\t<i aria-hidden=\"true\" class=\"eicon-chevron-right\"><\/i>\t\t\t\t\t\t<\/div>\n\t\t\t\t\t\t\t\t\t\t\t\t\t\t\t\t<div class=\"swiper-pagination\"><\/div>\n\t\t\t\t\t\t\t\t\t\t\t\t<\/div>\n\t\t\t\t<\/div>\n\t\t\t\t\t\t\t\t<\/div>\n\t\t\t\t<\/div>\n\t\t\t\t<div class=\"elementor-element elementor-element-c5d281e elementor-widget elementor-widget-image\" data-id=\"c5d281e\" data-element_type=\"widget\" data-widget_type=\"image.default\">\n\t\t\t\t<div class=\"elementor-widget-container\">\n\t\t\t\t\t\t\t\t\t\t\t\t\t\t\t<img fetchpriority=\"high\" decoding=\"async\" width=\"1024\" height=\"284\" src=\"https:\/\/congresocopan.iht.hn\/wp-content\/uploads\/2023\/09\/logos-pais-1024x284.png\" class=\"attachment-large size-large wp-image-2375\" alt=\"\" srcset=\"https:\/\/congresocopan.iht.hn\/wp-content\/uploads\/2023\/09\/logos-pais-1024x284.png 1024w, https:\/\/congresocopan.iht.hn\/wp-content\/uploads\/2023\/09\/logos-pais-300x83.png 300w, https:\/\/congresocopan.iht.hn\/wp-content\/uploads\/2023\/09\/logos-pais-768x213.png 768w, https:\/\/congresocopan.iht.hn\/wp-content\/uploads\/2023\/09\/logos-pais-1536x425.png 1536w, https:\/\/congresocopan.iht.hn\/wp-content\/uploads\/2023\/09\/logos-pais.png 1650w\" sizes=\"(max-width: 1024px) 100vw, 1024px\" \/>\t\t\t\t\t\t\t\t\t\t\t\t\t\t\t<\/div>\n\t\t\t\t<\/div>\n\t\t\t\t\t<\/div>\n\t\t<\/div>\n\t\t\t\t\t<\/div>\n\t\t<\/section>\n\t\t\t\t<\/div>","protected":false},"excerpt":{"rendered":"<p>CongresoArqueol\u00f3gicoCop\u00e1n, Honduras Agenda Tan precisas e interesantes fueron estas presentaciones, que nos mostraron casi una fotograf\u00eda del fundador de la dinast\u00eda de Cop\u00e1n: Kinich Ahau Yax Kuk Mo y sus or\u00edgenes en el Pet\u00e9n, el funcionamiento de un reloj maya, los finos murales de San Bartolo y el Templo de Orop\u00e9ndola, conservado bajo tierra justamente [&hellip;]<\/p>","protected":false},"author":1,"featured_media":0,"parent":0,"menu_order":0,"comment_status":"closed","ping_status":"closed","template":"","meta":{"site-sidebar-layout":"no-sidebar","site-content-layout":"page-builder","ast-site-content-layout":"full-width-container","site-content-style":"default","site-sidebar-style":"default","ast-global-header-display":"","ast-banner-title-visibility":"","ast-main-header-display":"","ast-hfb-above-header-display":"","ast-hfb-below-header-display":"","ast-hfb-mobile-header-display":"","site-post-title":"disabled","ast-breadcrumbs-content":"","ast-featured-img":"disabled","footer-sml-layout":"","theme-transparent-header-meta":"","adv-header-id-meta":"","stick-header-meta":"","header-above-stick-meta":"","header-main-stick-meta":"","header-below-stick-meta":"","astra-migrate-meta-layouts":"set","ast-page-background-enabled":"default","ast-page-background-meta":{"desktop":{"background-color":"var(--ast-global-color-4)","background-image":"","background-repeat":"repeat","background-position":"center center","background-size":"auto","background-attachment":"scroll","background-type":"","background-media":"","overlay-type":"","overlay-color":"","overlay-opacity":"","overlay-gradient":""},"tablet":{"background-color":"","background-image":"","background-repeat":"repeat","background-position":"center center","background-size":"auto","background-attachment":"scroll","background-type":"","background-media":"","overlay-type":"","overlay-color":"","overlay-opacity":"","overlay-gradient":""},"mobile":{"background-color":"","background-image":"","background-repeat":"repeat","background-position":"center center","background-size":"auto","background-attachment":"scroll","background-type":"","background-media":"","overlay-type":"","overlay-color":"","overlay-opacity":"","overlay-gradient":""}},"ast-content-background-meta":{"desktop":{"background-color":"var(--ast-global-color-5)","background-image":"","background-repeat":"repeat","background-position":"center center","background-size":"auto","background-attachment":"scroll","background-type":"","background-media":"","overlay-type":"","overlay-color":"","overlay-opacity":"","overlay-gradient":""},"tablet":{"background-color":"var(--ast-global-color-5)","background-image":"","background-repeat":"repeat","background-position":"center center","background-size":"auto","background-attachment":"scroll","background-type":"","background-media":"","overlay-type":"","overlay-color":"","overlay-opacity":"","overlay-gradient":""},"mobile":{"background-color":"var(--ast-global-color-5)","background-image":"","background-repeat":"repeat","background-position":"center center","background-size":"auto","background-attachment":"scroll","background-type":"","background-media":"","overlay-type":"","overlay-color":"","overlay-opacity":"","overlay-gradient":""}},"footnotes":""},"class_list":["post-2802","page","type-page","status-publish","hentry"],"_links":{"self":[{"href":"https:\/\/congresocopan.iht.hn\/english\/wp-json\/wp\/v2\/pages\/2802","targetHints":{"allow":["GET"]}}],"collection":[{"href":"https:\/\/congresocopan.iht.hn\/english\/wp-json\/wp\/v2\/pages"}],"about":[{"href":"https:\/\/congresocopan.iht.hn\/english\/wp-json\/wp\/v2\/types\/page"}],"author":[{"embeddable":true,"href":"https:\/\/congresocopan.iht.hn\/english\/wp-json\/wp\/v2\/users\/1"}],"replies":[{"embeddable":true,"href":"https:\/\/congresocopan.iht.hn\/english\/wp-json\/wp\/v2\/comments?post=2802"}],"version-history":[{"count":98,"href":"https:\/\/congresocopan.iht.hn\/english\/wp-json\/wp\/v2\/pages\/2802\/revisions"}],"predecessor-version":[{"id":4388,"href":"https:\/\/congresocopan.iht.hn\/english\/wp-json\/wp\/v2\/pages\/2802\/revisions\/4388"}],"wp:attachment":[{"href":"https:\/\/congresocopan.iht.hn\/english\/wp-json\/wp\/v2\/media?parent=2802"}],"curies":[{"name":"wp","href":"https:\/\/api.w.org\/{rel}","templated":true}]}}