{"id":3563,"date":"2023-10-18T14:01:46","date_gmt":"2023-10-18T20:01:46","guid":{"rendered":"https:\/\/congresocopan.iht.hn\/?page_id=3563"},"modified":"2023-11-16T11:07:29","modified_gmt":"2023-11-16T17:07:29","slug":"richard-d-hansen","status":"publish","type":"page","link":"https:\/\/congresocopan.iht.hn\/english\/richard-d-hansen\/","title":{"rendered":"Richard D. Hansen"},"content":{"rendered":"<div data-elementor-type=\"wp-page\" data-elementor-id=\"3563\" class=\"elementor elementor-3563\" data-elementor-settings=\"{&quot;ha_cmc_init_switcher&quot;:&quot;no&quot;}\" data-elementor-post-type=\"page\">\n\t\t\t\t\t\t<section class=\"elementor-section elementor-top-section elementor-element elementor-element-954b4d8 elementor-section-boxed elementor-section-height-default elementor-section-height-default\" data-id=\"954b4d8\" data-element_type=\"section\" data-settings=\"{&quot;_ha_eqh_enable&quot;:false}\">\n\t\t\t\t\t\t<div class=\"elementor-container elementor-column-gap-default\">\n\t\t\t\t\t<div class=\"elementor-column elementor-col-100 elementor-top-column elementor-element elementor-element-b4c92f6\" data-id=\"b4c92f6\" data-element_type=\"column\">\n\t\t\t<div class=\"elementor-widget-wrap elementor-element-populated\">\n\t\t\t\t\t\t<div class=\"elementor-element elementor-element-eb843f2 elementor-invisible elementor-widget elementor-widget-heading\" data-id=\"eb843f2\" data-element_type=\"widget\" data-settings=\"{&quot;_animation&quot;:&quot;zoomIn&quot;}\" data-widget_type=\"heading.default\">\n\t\t\t\t<div class=\"elementor-widget-container\">\n\t\t\t\t\t<h2 class=\"elementor-heading-title elementor-size-default\">Dr. Richard D. Hanse<\/h2>\t\t\t\t<\/div>\n\t\t\t\t<\/div>\n\t\t\t\t<div class=\"elementor-element elementor-element-2a8d6de elementor-invisible elementor-widget elementor-widget-image\" data-id=\"2a8d6de\" data-element_type=\"widget\" data-settings=\"{&quot;_animation&quot;:&quot;fadeInUp&quot;}\" data-widget_type=\"image.default\">\n\t\t\t\t<div class=\"elementor-widget-container\">\n\t\t\t\t\t\t\t\t\t\t\t\t\t\t\t<img fetchpriority=\"high\" decoding=\"async\" width=\"530\" height=\"529\" src=\"https:\/\/congresocopan.iht.hn\/wp-content\/uploads\/2023\/10\/Hansen.png\" class=\"attachment-large size-large wp-image-3552\" alt=\"\" srcset=\"https:\/\/congresocopan.iht.hn\/wp-content\/uploads\/2023\/10\/Hansen.png 530w, https:\/\/congresocopan.iht.hn\/wp-content\/uploads\/2023\/10\/Hansen-300x300.png 300w, https:\/\/congresocopan.iht.hn\/wp-content\/uploads\/2023\/10\/Hansen-150x150.png 150w, https:\/\/congresocopan.iht.hn\/wp-content\/uploads\/2023\/10\/Hansen-12x12.png 12w\" sizes=\"(max-width: 530px) 100vw, 530px\" \/>\t\t\t\t\t\t\t\t\t\t\t\t\t\t\t<\/div>\n\t\t\t\t<\/div>\n\t\t\t\t<div class=\"elementor-element elementor-element-85a14e5 elementor-widget-divider--view-line elementor-widget elementor-widget-divider\" data-id=\"85a14e5\" data-element_type=\"widget\" data-widget_type=\"divider.default\">\n\t\t\t\t<div class=\"elementor-widget-container\">\n\t\t\t\t\t\t\t<div class=\"elementor-divider\">\n\t\t\t<span class=\"elementor-divider-separator\">\n\t\t\t\t\t\t<\/span>\n\t\t<\/div>\n\t\t\t\t\t\t<\/div>\n\t\t\t\t<\/div>\n\t\t\t\t<div class=\"elementor-element elementor-element-7719939 elementor-invisible elementor-widget elementor-widget-text-editor\" data-id=\"7719939\" data-element_type=\"widget\" data-settings=\"{&quot;_animation&quot;:&quot;fadeInUp&quot;}\" data-widget_type=\"text-editor.default\">\n\t\t\t\t<div class=\"elementor-widget-container\">\n\t\t\t\t\t\t\t\t\t<p><strong>Dr. Richard D. Hansen<\/strong> es un especialista de los or\u00edgines de la civilizaci\u00f3n Maya. Actualmente, es un Profesor Afiliado de Antropologia de la Universidad Estatal de Idaho. Fue un Profesor Adyacente de Antropologia en la Universidad de Utah, y el Cientifico Mayor del Departamento de Antropologia de la Universidad Estatal de Idaho. Antes de esto, fue un Asistente Cient\u00edfico de Investigaci\u00f3n (Nivel IV) en la Universidad de California Los Angeles en el Instituto de Geof\u00edsica y F\u00edsica Planetaria por 12 a\u00f1os. Fue el fundador y es actualmente el Presidente de la Fundaci\u00f3n para las Investigaciones Antropol\u00f3gicas y Estudios Ambientes (Foundation for Anthropological Research &amp; Environmental Studies (FARES), una fundaci\u00f3n cient\u00edfica, no-lucrativa basada en el estado de Idaho y California. Gradu\u00f3 con un doctorado en arqueolog\u00eda con los honores mas altos de la Universidad de California, Los Angeles.<br \/><br \/>En la UCLA, fue nombrado el National Graduate Fellow (Asociado Nacional Graduado) y un Asociado Graduado Nacional- Jacob Javits por parte del Departamento de Educacion y el Congreso de los Estados Unidos. Fue nombrado el Escolar Memorial Fishbaugh de la UCLA, fue nombrado el Escolar Distinguido de toda la Universidad 1988, un Escolar Fulbright en Guatemala, el Estudiante Graduado m\u00e1s Destacado de la Universidad en 1991, y el Premio Chancellor\u2019s Marshall (de entre todos los estudiantes de la Universidad). Hansen tiene una maestr\u00eda de la Universidad de Brigham Young en Utah y dos bachilleres de la misma en Arqueolog\u00eda\u00a0y\u00a0Espa\u00f1ol.<\/p>\t\t\t\t\t\t\t\t<\/div>\n\t\t\t\t<\/div>\n\t\t\t\t\t<\/div>\n\t\t<\/div>\n\t\t\t\t\t<\/div>\n\t\t<\/section>\n\t\t\t\t<\/div>","protected":false},"excerpt":{"rendered":"<p>Dr. Richard D. Hanse Dr. Richard D. Hansen es un especialista de los or\u00edgines de la civilizaci\u00f3n Maya. Actualmente, es un Profesor Afiliado de Antropologia de la Universidad Estatal de Idaho. Fue un Profesor Adyacente de Antropologia en la Universidad de Utah, y el Cientifico Mayor del Departamento de Antropologia de la Universidad Estatal de [&hellip;]<\/p>","protected":false},"author":1,"featured_media":0,"parent":0,"menu_order":0,"comment_status":"closed","ping_status":"closed","template":"","meta":{"site-sidebar-layout":"no-sidebar","site-content-layout":"page-builder","ast-site-content-layout":"full-width-container","site-content-style":"default","site-sidebar-style":"default","ast-global-header-display":"","ast-banner-title-visibility":"","ast-main-header-display":"","ast-hfb-above-header-display":"","ast-hfb-below-header-display":"","ast-hfb-mobile-header-display":"","site-post-title":"disabled","ast-breadcrumbs-content":"","ast-featured-img":"disabled","footer-sml-layout":"","theme-transparent-header-meta":"","adv-header-id-meta":"","stick-header-meta":"","header-above-stick-meta":"","header-main-stick-meta":"","header-below-stick-meta":"","astra-migrate-meta-layouts":"set","ast-page-background-enabled":"default","ast-page-background-meta":{"desktop":{"background-color":"var(--ast-global-color-4)","background-image":"","background-repeat":"repeat","background-position":"center center","background-size":"auto","background-attachment":"scroll","background-type":"","background-media":"","overlay-type":"","overlay-color":"","overlay-opacity":"","overlay-gradient":""},"tablet":{"background-color":"","background-image":"","background-repeat":"repeat","background-position":"center center","background-size":"auto","background-attachment":"scroll","background-type":"","background-media":"","overlay-type":"","overlay-color":"","overlay-opacity":"","overlay-gradient":""},"mobile":{"background-color":"","background-image":"","background-repeat":"repeat","background-position":"center center","background-size":"auto","background-attachment":"scroll","background-type":"","background-media":"","overlay-type":"","overlay-color":"","overlay-opacity":"","overlay-gradient":""}},"ast-content-background-meta":{"desktop":{"background-color":"var(--ast-global-color-5)","background-image":"","background-repeat":"repeat","background-position":"center center","background-size":"auto","background-attachment":"scroll","background-type":"","background-media":"","overlay-type":"","overlay-color":"","overlay-opacity":"","overlay-gradient":""},"tablet":{"background-color":"var(--ast-global-color-5)","background-image":"","background-repeat":"repeat","background-position":"center center","background-size":"auto","background-attachment":"scroll","background-type":"","background-media":"","overlay-type":"","overlay-color":"","overlay-opacity":"","overlay-gradient":""},"mobile":{"background-color":"var(--ast-global-color-5)","background-image":"","background-repeat":"repeat","background-position":"center center","background-size":"auto","background-attachment":"scroll","background-type":"","background-media":"","overlay-type":"","overlay-color":"","overlay-opacity":"","overlay-gradient":""}},"footnotes":""},"class_list":["post-3563","page","type-page","status-publish","hentry"],"_links":{"self":[{"href":"https:\/\/congresocopan.iht.hn\/english\/wp-json\/wp\/v2\/pages\/3563","targetHints":{"allow":["GET"]}}],"collection":[{"href":"https:\/\/congresocopan.iht.hn\/english\/wp-json\/wp\/v2\/pages"}],"about":[{"href":"https:\/\/congresocopan.iht.hn\/english\/wp-json\/wp\/v2\/types\/page"}],"author":[{"embeddable":true,"href":"https:\/\/congresocopan.iht.hn\/english\/wp-json\/wp\/v2\/users\/1"}],"replies":[{"embeddable":true,"href":"https:\/\/congresocopan.iht.hn\/english\/wp-json\/wp\/v2\/comments?post=3563"}],"version-history":[{"count":13,"href":"https:\/\/congresocopan.iht.hn\/english\/wp-json\/wp\/v2\/pages\/3563\/revisions"}],"predecessor-version":[{"id":3970,"href":"https:\/\/congresocopan.iht.hn\/english\/wp-json\/wp\/v2\/pages\/3563\/revisions\/3970"}],"wp:attachment":[{"href":"https:\/\/congresocopan.iht.hn\/english\/wp-json\/wp\/v2\/media?parent=3563"}],"curies":[{"name":"wp","href":"https:\/\/api.w.org\/{rel}","templated":true}]}}