{"id":3578,"date":"2023-10-18T14:17:04","date_gmt":"2023-10-18T20:17:04","guid":{"rendered":"https:\/\/congresocopan.iht.hn\/?page_id=3578"},"modified":"2023-10-18T14:21:57","modified_gmt":"2023-10-18T20:21:57","slug":"manuel-perez-rivas","status":"publish","type":"page","link":"https:\/\/congresocopan.iht.hn\/english\/manuel-perez-rivas\/","title":{"rendered":"Manuel P\u00e9rez Rivas"},"content":{"rendered":"<div data-elementor-type=\"wp-page\" data-elementor-id=\"3578\" class=\"elementor elementor-3578\" data-elementor-settings=\"{&quot;ha_cmc_init_switcher&quot;:&quot;no&quot;}\" data-elementor-post-type=\"page\">\n\t\t\t\t\t\t<section class=\"elementor-section elementor-top-section elementor-element elementor-element-f7f24c9 elementor-section-boxed elementor-section-height-default elementor-section-height-default\" data-id=\"f7f24c9\" data-element_type=\"section\" data-settings=\"{&quot;_ha_eqh_enable&quot;:false}\">\n\t\t\t\t\t\t<div class=\"elementor-container elementor-column-gap-default\">\n\t\t\t\t\t<div class=\"elementor-column elementor-col-100 elementor-top-column elementor-element elementor-element-a076f3b\" data-id=\"a076f3b\" data-element_type=\"column\">\n\t\t\t<div class=\"elementor-widget-wrap elementor-element-populated\">\n\t\t\t\t\t\t<div class=\"elementor-element elementor-element-d8bb1a5 elementor-invisible elementor-widget elementor-widget-heading\" data-id=\"d8bb1a5\" data-element_type=\"widget\" data-settings=\"{&quot;_animation&quot;:&quot;zoomIn&quot;}\" data-widget_type=\"heading.default\">\n\t\t\t\t<div class=\"elementor-widget-container\">\n\t\t\t\t\t<h2 class=\"elementor-heading-title elementor-size-default\">Manuel P\u00e9rez Rivas<\/h2>\t\t\t\t<\/div>\n\t\t\t\t<\/div>\n\t\t\t\t<div class=\"elementor-element elementor-element-08507cc elementor-invisible elementor-widget elementor-widget-image\" data-id=\"08507cc\" data-element_type=\"widget\" data-settings=\"{&quot;_animation&quot;:&quot;fadeInDown&quot;}\" data-widget_type=\"image.default\">\n\t\t\t\t<div class=\"elementor-widget-container\">\n\t\t\t\t\t\t\t\t\t\t\t\t\t\t\t<img fetchpriority=\"high\" decoding=\"async\" width=\"530\" height=\"529\" src=\"https:\/\/congresocopan.iht.hn\/wp-content\/uploads\/2023\/10\/Dr-manuel.png\" class=\"attachment-large size-large wp-image-3548\" alt=\"\" srcset=\"https:\/\/congresocopan.iht.hn\/wp-content\/uploads\/2023\/10\/Dr-manuel.png 530w, https:\/\/congresocopan.iht.hn\/wp-content\/uploads\/2023\/10\/Dr-manuel-300x300.png 300w, https:\/\/congresocopan.iht.hn\/wp-content\/uploads\/2023\/10\/Dr-manuel-150x150.png 150w, https:\/\/congresocopan.iht.hn\/wp-content\/uploads\/2023\/10\/Dr-manuel-12x12.png 12w\" sizes=\"(max-width: 530px) 100vw, 530px\" \/>\t\t\t\t\t\t\t\t\t\t\t\t\t\t\t<\/div>\n\t\t\t\t<\/div>\n\t\t\t\t<div class=\"elementor-element elementor-element-7702824 elementor-widget-divider--view-line elementor-widget elementor-widget-divider\" data-id=\"7702824\" data-element_type=\"widget\" data-widget_type=\"divider.default\">\n\t\t\t\t<div class=\"elementor-widget-container\">\n\t\t\t\t\t\t\t<div class=\"elementor-divider\">\n\t\t\t<span class=\"elementor-divider-separator\">\n\t\t\t\t\t\t<\/span>\n\t\t<\/div>\n\t\t\t\t\t\t<\/div>\n\t\t\t\t<\/div>\n\t\t\t\t<div class=\"elementor-element elementor-element-6940b37 elementor-invisible elementor-widget elementor-widget-text-editor\" data-id=\"6940b37\" data-element_type=\"widget\" data-settings=\"{&quot;_animation&quot;:&quot;fadeInUp&quot;}\" data-widget_type=\"text-editor.default\">\n\t\t\t\t<div class=\"elementor-widget-container\">\n\t\t\t\t\t\t\t\t\t<p><span data-contrast=\"auto\"><strong> Manuel P\u00e9rez Rivas<\/strong> es un profesor investigador titular \u201cC\u201d, adscrito a la Direcci\u00f3n de Salvamento Arqueol\u00f3gico Instituto Nacional de Antropolog\u00eda e Historia. Responsable acad\u00e9mico del Proyecto de Salvamento Arqueol\u00f3gico U LU\u2019UMIL MAAYA W\u00cdINIKO\u2019OB: UN AN\u00c1LISIS REGIONAL DE SURESTE MESOAMERICANO PROYECTO MARCO DE SALVAMENTO ARQUEOL\u00d3GICO \u201cTREN MAYA, ESTADOS DE CHIAPAS, TABASCO, CAMPECHE, YUCAT\u00c1N, QUINTANA ROO\u201d.\u00a0<\/span><\/p><p>\u00a0<\/p><p><b><span data-contrast=\"auto\">Educaci\u00f3n<\/span><\/b><span data-ccp-props=\"{&quot;201341983&quot;:0,&quot;335551550&quot;:6,&quot;335551620&quot;:6,&quot;335559739&quot;:160,&quot;335559740&quot;:259}\">\u00a0<\/span><\/p><p><span data-contrast=\"auto\">Maestr\u00eda en Estudios Mesoamericanos en la Facultad de Filosof\u00eda y Letras de la UNAM y un Doctorado en Estudios Mesoamericanos.<\/span><span data-ccp-props=\"{&quot;201341983&quot;:0,&quot;335551550&quot;:6,&quot;335551620&quot;:6,&quot;335559739&quot;:160,&quot;335559740&quot;:259}\">\u00a0<\/span><\/p>\t\t\t\t\t\t\t\t<\/div>\n\t\t\t\t<\/div>\n\t\t\t\t\t<\/div>\n\t\t<\/div>\n\t\t\t\t\t<\/div>\n\t\t<\/section>\n\t\t\t\t<\/div>","protected":false},"excerpt":{"rendered":"<p>Manuel P\u00e9rez Rivas Manuel P\u00e9rez Rivas es un profesor investigador titular \u201cC\u201d, adscrito a la Direcci\u00f3n de Salvamento Arqueol\u00f3gico Instituto Nacional de Antropolog\u00eda e Historia. Responsable acad\u00e9mico del Proyecto de Salvamento Arqueol\u00f3gico U LU\u2019UMIL MAAYA W\u00cdINIKO\u2019OB: UN AN\u00c1LISIS REGIONAL DE SURESTE MESOAMERICANO PROYECTO MARCO DE SALVAMENTO ARQUEOL\u00d3GICO \u201cTREN MAYA, ESTADOS DE CHIAPAS, TABASCO, CAMPECHE, YUCAT\u00c1N, [&hellip;]<\/p>","protected":false},"author":1,"featured_media":0,"parent":0,"menu_order":0,"comment_status":"closed","ping_status":"closed","template":"","meta":{"site-sidebar-layout":"no-sidebar","site-content-layout":"page-builder","ast-site-content-layout":"full-width-container","site-content-style":"default","site-sidebar-style":"default","ast-global-header-display":"","ast-banner-title-visibility":"","ast-main-header-display":"","ast-hfb-above-header-display":"","ast-hfb-below-header-display":"","ast-hfb-mobile-header-display":"","site-post-title":"disabled","ast-breadcrumbs-content":"","ast-featured-img":"disabled","footer-sml-layout":"","theme-transparent-header-meta":"","adv-header-id-meta":"","stick-header-meta":"","header-above-stick-meta":"","header-main-stick-meta":"","header-below-stick-meta":"","astra-migrate-meta-layouts":"set","ast-page-background-enabled":"default","ast-page-background-meta":{"desktop":{"background-color":"var(--ast-global-color-4)","background-image":"","background-repeat":"repeat","background-position":"center center","background-size":"auto","background-attachment":"scroll","background-type":"","background-media":"","overlay-type":"","overlay-color":"","overlay-opacity":"","overlay-gradient":""},"tablet":{"background-color":"","background-image":"","background-repeat":"repeat","background-position":"center center","background-size":"auto","background-attachment":"scroll","background-type":"","background-media":"","overlay-type":"","overlay-color":"","overlay-opacity":"","overlay-gradient":""},"mobile":{"background-color":"","background-image":"","background-repeat":"repeat","background-position":"center center","background-size":"auto","background-attachment":"scroll","background-type":"","background-media":"","overlay-type":"","overlay-color":"","overlay-opacity":"","overlay-gradient":""}},"ast-content-background-meta":{"desktop":{"background-color":"var(--ast-global-color-5)","background-image":"","background-repeat":"repeat","background-position":"center center","background-size":"auto","background-attachment":"scroll","background-type":"","background-media":"","overlay-type":"","overlay-color":"","overlay-opacity":"","overlay-gradient":""},"tablet":{"background-color":"var(--ast-global-color-5)","background-image":"","background-repeat":"repeat","background-position":"center center","background-size":"auto","background-attachment":"scroll","background-type":"","background-media":"","overlay-type":"","overlay-color":"","overlay-opacity":"","overlay-gradient":""},"mobile":{"background-color":"var(--ast-global-color-5)","background-image":"","background-repeat":"repeat","background-position":"center center","background-size":"auto","background-attachment":"scroll","background-type":"","background-media":"","overlay-type":"","overlay-color":"","overlay-opacity":"","overlay-gradient":""}},"footnotes":""},"class_list":["post-3578","page","type-page","status-publish","hentry"],"_links":{"self":[{"href":"https:\/\/congresocopan.iht.hn\/english\/wp-json\/wp\/v2\/pages\/3578","targetHints":{"allow":["GET"]}}],"collection":[{"href":"https:\/\/congresocopan.iht.hn\/english\/wp-json\/wp\/v2\/pages"}],"about":[{"href":"https:\/\/congresocopan.iht.hn\/english\/wp-json\/wp\/v2\/types\/page"}],"author":[{"embeddable":true,"href":"https:\/\/congresocopan.iht.hn\/english\/wp-json\/wp\/v2\/users\/1"}],"replies":[{"embeddable":true,"href":"https:\/\/congresocopan.iht.hn\/english\/wp-json\/wp\/v2\/comments?post=3578"}],"version-history":[{"count":7,"href":"https:\/\/congresocopan.iht.hn\/english\/wp-json\/wp\/v2\/pages\/3578\/revisions"}],"predecessor-version":[{"id":3585,"href":"https:\/\/congresocopan.iht.hn\/english\/wp-json\/wp\/v2\/pages\/3578\/revisions\/3585"}],"wp:attachment":[{"href":"https:\/\/congresocopan.iht.hn\/english\/wp-json\/wp\/v2\/media?parent=3578"}],"curies":[{"name":"wp","href":"https:\/\/api.w.org\/{rel}","templated":true}]}}