{"id":3589,"date":"2023-10-18T14:24:28","date_gmt":"2023-10-18T20:24:28","guid":{"rendered":"https:\/\/congresocopan.iht.hn\/?page_id=3589"},"modified":"2023-10-18T14:28:28","modified_gmt":"2023-10-18T20:28:28","slug":"eduardo-yarto","status":"publish","type":"page","link":"https:\/\/congresocopan.iht.hn\/english\/eduardo-yarto\/","title":{"rendered":"Eduardo Yarto\u00a0"},"content":{"rendered":"<div data-elementor-type=\"wp-page\" data-elementor-id=\"3589\" class=\"elementor elementor-3589\" data-elementor-settings=\"{&quot;ha_cmc_init_switcher&quot;:&quot;no&quot;}\" data-elementor-post-type=\"page\">\n\t\t\t\t\t\t<section class=\"elementor-section elementor-top-section elementor-element elementor-element-dda1e91 elementor-section-boxed elementor-section-height-default elementor-section-height-default\" data-id=\"dda1e91\" data-element_type=\"section\" data-settings=\"{&quot;_ha_eqh_enable&quot;:false}\">\n\t\t\t\t\t\t<div class=\"elementor-container elementor-column-gap-default\">\n\t\t\t\t\t<div class=\"elementor-column elementor-col-100 elementor-top-column elementor-element elementor-element-f255faa\" data-id=\"f255faa\" data-element_type=\"column\">\n\t\t\t<div class=\"elementor-widget-wrap elementor-element-populated\">\n\t\t\t\t\t\t<div class=\"elementor-element elementor-element-11fe533 elementor-invisible elementor-widget elementor-widget-heading\" data-id=\"11fe533\" data-element_type=\"widget\" data-settings=\"{&quot;_animation&quot;:&quot;zoomIn&quot;}\" data-widget_type=\"heading.default\">\n\t\t\t\t<div class=\"elementor-widget-container\">\n\t\t\t\t\t<h2 class=\"elementor-heading-title elementor-size-default\">Eduardo Yarto<\/h2>\t\t\t\t<\/div>\n\t\t\t\t<\/div>\n\t\t\t\t<div class=\"elementor-element elementor-element-3e9c094 elementor-invisible elementor-widget elementor-widget-image\" data-id=\"3e9c094\" data-element_type=\"widget\" data-settings=\"{&quot;_animation&quot;:&quot;fadeInDown&quot;}\" data-widget_type=\"image.default\">\n\t\t\t\t<div class=\"elementor-widget-container\">\n\t\t\t\t\t\t\t\t\t\t\t\t\t\t\t<img fetchpriority=\"high\" decoding=\"async\" width=\"530\" height=\"529\" src=\"https:\/\/congresocopan.iht.hn\/wp-content\/uploads\/2023\/10\/Eduardo-Yarto.png\" class=\"attachment-large size-large wp-image-3004\" alt=\"\" srcset=\"https:\/\/congresocopan.iht.hn\/wp-content\/uploads\/2023\/10\/Eduardo-Yarto.png 530w, https:\/\/congresocopan.iht.hn\/wp-content\/uploads\/2023\/10\/Eduardo-Yarto-300x300.png 300w, https:\/\/congresocopan.iht.hn\/wp-content\/uploads\/2023\/10\/Eduardo-Yarto-150x150.png 150w\" sizes=\"(max-width: 530px) 100vw, 530px\" \/>\t\t\t\t\t\t\t\t\t\t\t\t\t\t\t<\/div>\n\t\t\t\t<\/div>\n\t\t\t\t<div class=\"elementor-element elementor-element-256948a elementor-widget-divider--view-line elementor-widget elementor-widget-divider\" data-id=\"256948a\" data-element_type=\"widget\" data-widget_type=\"divider.default\">\n\t\t\t\t<div class=\"elementor-widget-container\">\n\t\t\t\t\t\t\t<div class=\"elementor-divider\">\n\t\t\t<span class=\"elementor-divider-separator\">\n\t\t\t\t\t\t<\/span>\n\t\t<\/div>\n\t\t\t\t\t\t<\/div>\n\t\t\t\t<\/div>\n\t\t\t\t<div class=\"elementor-element elementor-element-c8ab833 elementor-widget elementor-widget-text-editor\" data-id=\"c8ab833\" data-element_type=\"widget\" data-widget_type=\"text-editor.default\">\n\t\t\t\t<div class=\"elementor-widget-container\">\n\t\t\t\t\t\t\t\t\t<p><span data-contrast=\"auto\">M\u00e1s de 35 a\u00f1os de experiencia en turismo, especialista en<\/span><span data-ccp-props=\"{&quot;201341983&quot;:0,&quot;335551550&quot;:6,&quot;335551620&quot;:6,&quot;335559739&quot;:160,&quot;335559740&quot;:259}\">\u00a0<\/span><span data-contrast=\"auto\">turismo de reuniones y desarrollo de producto tur\u00edstico. Impulsor<\/span><span data-ccp-props=\"{&quot;201341983&quot;:0,&quot;335551550&quot;:6,&quot;335551620&quot;:6,&quot;335559739&quot;:160,&quot;335559740&quot;:259}\">\u00a0<\/span><span data-contrast=\"auto\">de emprendimientos tur\u00edsticos, creador de marcas y eventos<\/span><span data-ccp-props=\"{&quot;201341983&quot;:0,&quot;335551550&quot;:6,&quot;335551620&quot;:6,&quot;335559739&quot;:160,&quot;335559740&quot;:259}\">\u00a0<\/span><span data-contrast=\"auto\">tur\u00edsticos. Ganador de premios a la diversificaci\u00f3n de productos<\/span><span data-ccp-props=\"{&quot;201341983&quot;:0,&quot;335551550&quot;:6,&quot;335551620&quot;:6,&quot;335559739&quot;:160,&quot;335559740&quot;:259}\">\u00a0<\/span><span data-contrast=\"auto\">tur\u00edsticos y reconocimiento por la innovaci\u00f3n tur\u00edstica.<\/span><span data-ccp-props=\"{&quot;201341983&quot;:0,&quot;335551550&quot;:6,&quot;335551620&quot;:6,&quot;335559739&quot;:160,&quot;335559740&quot;:259}\">\u00a0<\/span><\/p><p>\u00a0<\/p><h5><b><span data-contrast=\"auto\">Experiencia<\/span><\/b><span data-ccp-props=\"{&quot;201341983&quot;:0,&quot;335551550&quot;:6,&quot;335551620&quot;:6,&quot;335559739&quot;:160,&quot;335559740&quot;:259}\">\u00a0<\/span><\/h5><p><span data-contrast=\"auto\">Director General Yucat\u00e1n Meetings<\/span><span data-ccp-props=\"{&quot;201341983&quot;:0,&quot;335551550&quot;:6,&quot;335551620&quot;:6,&quot;335559739&quot;:160,&quot;335559740&quot;:259}\">\u00a0<\/span><\/p><p><span data-contrast=\"auto\">Septiembre 2022 -Actual<\/span><span data-ccp-props=\"{&quot;201341983&quot;:0,&quot;335551550&quot;:6,&quot;335551620&quot;:6,&quot;335559739&quot;:160,&quot;335559740&quot;:259}\">\u00a0<\/span><\/p><ul><li><span data-contrast=\"auto\"> An\u00e1lisis y atracci\u00f3n de mercados potenciales para eventos<\/span><\/li><li><span data-contrast=\"auto\"> Prospecci\u00f3n de clientes nacionales e internacionales<\/span><\/li><li><span data-contrast=\"auto\"> Promoci\u00f3n del destino para el turismo de reuniones<\/span><\/li><li><span data-contrast=\"auto\"> Coordinaci\u00f3n y log\u00edstica para la planeaci\u00f3n e implementaci\u00f3n de<\/span><\/li><\/ul><h5><span data-contrast=\"auto\">Eventos ganados.<\/span><span data-ccp-props=\"{&quot;201341983&quot;:0,&quot;335551550&quot;:6,&quot;335551620&quot;:6,&quot;335559739&quot;:160,&quot;335559740&quot;:259}\">\u00a0<\/span><span data-ccp-props=\"{&quot;201341983&quot;:0,&quot;335551550&quot;:6,&quot;335551620&quot;:6,&quot;335559739&quot;:160,&quot;335559740&quot;:259}\">\u00a0<\/span><\/h5><p><span data-contrast=\"auto\">Secretario de Turismo del Estado de Zacatecas<\/span><span data-ccp-props=\"{&quot;201341983&quot;:0,&quot;335551550&quot;:6,&quot;335551620&quot;:6,&quot;335559739&quot;:160,&quot;335559740&quot;:259}\">\u00a0<\/span><\/p><p><span data-contrast=\"auto\">Oct. 2016 &#8211; Sep. 2021<\/span><span data-ccp-props=\"{&quot;201341983&quot;:0,&quot;335551550&quot;:6,&quot;335551620&quot;:6,&quot;335559739&quot;:160,&quot;335559740&quot;:259}\">\u00a0<\/span><\/p><ul><li><span data-contrast=\"auto\"> Profesionalizaci\u00f3n de la industria tur\u00edstica en turismo de reuniones y desarrollo de productos tur\u00edsticos.<\/span><\/li><li><span data-contrast=\"auto\"> Creaci\u00f3n y desarrollo de estrategias de marketing para destinos y productos tur\u00edsticos<\/span><\/li><li><span data-contrast=\"auto\"> Creaci\u00f3n y posicionamiento de la marca Zacatecas \u00a1Deslumbrante!, a nivel nacional e internacional.<\/span><\/li><li><span data-contrast=\"auto\"> Creaci\u00f3n de 17 marcas para el Estado, como: \u201cLos m\u00e1s m\u00e1gicos de los Pueblos M\u00e1gicos\u201d, \u201cZacatecas Meetings\u201d, \u201cZacatecas Experience\u201d, \u201cFresnillo\u201d, etc., todas ellas bajo su marca paraguas #ZacatecasDeslumbrante<\/span><\/li><li><span data-contrast=\"auto\"> Ganador de m\u00e1s de diez premios a nivel nacional y 2 internacionales<\/span><\/li><li><span data-contrast=\"auto\"> Obtenci\u00f3n del reconocimiento de la Capital Americana de la Cultura 2021 para el estado de Zacatecas<\/span><\/li><li><span data-contrast=\"auto\"> Creaci\u00f3n de m\u00e1s de 90 productos tur\u00edsticos en diversos puntos del estado de Zacatecas.<\/span><\/li><\/ul><h5><b><span data-contrast=\"auto\">Educaci\u00f3n\u00a0<\/span><\/b><span data-ccp-props=\"{&quot;201341983&quot;:0,&quot;335551550&quot;:6,&quot;335551620&quot;:6,&quot;335559739&quot;:160,&quot;335559740&quot;:259}\">\u00a0<\/span><\/h5><p><span data-contrast=\"auto\">Universidad An\u00e1huac (Edo. de M\u00e9xico)<\/span><span data-ccp-props=\"{&quot;201341983&quot;:0,&quot;335551550&quot;:6,&quot;335551620&quot;:6,&quot;335559739&quot;:160,&quot;335559740&quot;:259}\">\u00a0<\/span><\/p><p><span data-contrast=\"auto\">Licenciatura en Administraci\u00f3n Tur\u00edstica<\/span><span data-ccp-props=\"{&quot;201341983&quot;:0,&quot;335551550&quot;:6,&quot;335551620&quot;:6,&quot;335559739&quot;:160,&quot;335559740&quot;:259}\">\u00a0<\/span><\/p><p><span data-contrast=\"auto\">Instituto de Estudios Superiores de Turismo (IESTUR)<\/span><span data-ccp-props=\"{&quot;201341983&quot;:0,&quot;335551550&quot;:6,&quot;335551620&quot;:6,&quot;335559739&quot;:160,&quot;335559740&quot;:259}\">\u00a0<\/span><\/p><p><span data-contrast=\"auto\">Maestr\u00eda en Planeaci\u00f3n y Desarrollo<\/span><span data-ccp-props=\"{&quot;201341983&quot;:0,&quot;335551550&quot;:6,&quot;335551620&quot;:6,&quot;335559739&quot;:160,&quot;335559740&quot;:259}\">\u00a0<\/span><\/p>\t\t\t\t\t\t\t\t<\/div>\n\t\t\t\t<\/div>\n\t\t\t\t\t<\/div>\n\t\t<\/div>\n\t\t\t\t\t<\/div>\n\t\t<\/section>\n\t\t\t\t<\/div>","protected":false},"excerpt":{"rendered":"<p>Eduardo Yarto M\u00e1s de 35 a\u00f1os de experiencia en turismo, especialista en\u00a0turismo de reuniones y desarrollo de producto tur\u00edstico. Impulsor\u00a0de emprendimientos tur\u00edsticos, creador de marcas y eventos\u00a0tur\u00edsticos. Ganador de premios a la diversificaci\u00f3n de productos\u00a0tur\u00edsticos y reconocimiento por la innovaci\u00f3n tur\u00edstica.\u00a0 \u00a0 Experiencia\u00a0 Director General Yucat\u00e1n Meetings\u00a0 Septiembre 2022 -Actual\u00a0 An\u00e1lisis y atracci\u00f3n de mercados [&hellip;]<\/p>","protected":false},"author":1,"featured_media":0,"parent":0,"menu_order":0,"comment_status":"closed","ping_status":"closed","template":"","meta":{"site-sidebar-layout":"no-sidebar","site-content-layout":"page-builder","ast-site-content-layout":"full-width-container","site-content-style":"default","site-sidebar-style":"default","ast-global-header-display":"","ast-banner-title-visibility":"","ast-main-header-display":"","ast-hfb-above-header-display":"","ast-hfb-below-header-display":"","ast-hfb-mobile-header-display":"","site-post-title":"disabled","ast-breadcrumbs-content":"","ast-featured-img":"disabled","footer-sml-layout":"","theme-transparent-header-meta":"","adv-header-id-meta":"","stick-header-meta":"","header-above-stick-meta":"","header-main-stick-meta":"","header-below-stick-meta":"","astra-migrate-meta-layouts":"set","ast-page-background-enabled":"default","ast-page-background-meta":{"desktop":{"background-color":"var(--ast-global-color-4)","background-image":"","background-repeat":"repeat","background-position":"center center","background-size":"auto","background-attachment":"scroll","background-type":"","background-media":"","overlay-type":"","overlay-color":"","overlay-opacity":"","overlay-gradient":""},"tablet":{"background-color":"","background-image":"","background-repeat":"repeat","background-position":"center center","background-size":"auto","background-attachment":"scroll","background-type":"","background-media":"","overlay-type":"","overlay-color":"","overlay-opacity":"","overlay-gradient":""},"mobile":{"background-color":"","background-image":"","background-repeat":"repeat","background-position":"center center","background-size":"auto","background-attachment":"scroll","background-type":"","background-media":"","overlay-type":"","overlay-color":"","overlay-opacity":"","overlay-gradient":""}},"ast-content-background-meta":{"desktop":{"background-color":"var(--ast-global-color-5)","background-image":"","background-repeat":"repeat","background-position":"center center","background-size":"auto","background-attachment":"scroll","background-type":"","background-media":"","overlay-type":"","overlay-color":"","overlay-opacity":"","overlay-gradient":""},"tablet":{"background-color":"var(--ast-global-color-5)","background-image":"","background-repeat":"repeat","background-position":"center center","background-size":"auto","background-attachment":"scroll","background-type":"","background-media":"","overlay-type":"","overlay-color":"","overlay-opacity":"","overlay-gradient":""},"mobile":{"background-color":"var(--ast-global-color-5)","background-image":"","background-repeat":"repeat","background-position":"center center","background-size":"auto","background-attachment":"scroll","background-type":"","background-media":"","overlay-type":"","overlay-color":"","overlay-opacity":"","overlay-gradient":""}},"footnotes":""},"class_list":["post-3589","page","type-page","status-publish","hentry"],"_links":{"self":[{"href":"https:\/\/congresocopan.iht.hn\/english\/wp-json\/wp\/v2\/pages\/3589","targetHints":{"allow":["GET"]}}],"collection":[{"href":"https:\/\/congresocopan.iht.hn\/english\/wp-json\/wp\/v2\/pages"}],"about":[{"href":"https:\/\/congresocopan.iht.hn\/english\/wp-json\/wp\/v2\/types\/page"}],"author":[{"embeddable":true,"href":"https:\/\/congresocopan.iht.hn\/english\/wp-json\/wp\/v2\/users\/1"}],"replies":[{"embeddable":true,"href":"https:\/\/congresocopan.iht.hn\/english\/wp-json\/wp\/v2\/comments?post=3589"}],"version-history":[{"count":4,"href":"https:\/\/congresocopan.iht.hn\/english\/wp-json\/wp\/v2\/pages\/3589\/revisions"}],"predecessor-version":[{"id":3594,"href":"https:\/\/congresocopan.iht.hn\/english\/wp-json\/wp\/v2\/pages\/3589\/revisions\/3594"}],"wp:attachment":[{"href":"https:\/\/congresocopan.iht.hn\/english\/wp-json\/wp\/v2\/media?parent=3589"}],"curies":[{"name":"wp","href":"https:\/\/api.w.org\/{rel}","templated":true}]}}